
{"id":1448,"date":"2019-01-18T14:21:10","date_gmt":"2019-01-18T13:21:10","guid":{"rendered":"http:\/\/zvsweb02.kunst.tuwien.ac.at?page_id=1448"},"modified":"2021-11-22T10:57:18","modified_gmt":"2021-11-22T09:57:18","slug":"institut","status":"publish","type":"page","link":"https:\/\/zvsweb02.kunst.tuwien.ac.at\/?page_id=1448","title":{"rendered":"Institut"},"content":{"rendered":"\n<p>Eingebettet zwischen Bildender Kunst und Architektur agiert der Forschungsbereich Zeichnen und Visuelle Sprachen in einem umfangreichen Aufgabenfeld mit Schwerpunkten der Visualisierung (Konzeption, Pr\u00e4sentation, Dokumentation) und der Vermittlung zeitgen\u00f6ssischer, im urbanen Feld agierender, Kunsttendenzen. Die Implementierung von Techniken wie Grafik, Fotografie und Video in die architektonische Ausbildung erg\u00e4nzt dabei die traditionsreiche und dennoch aktuelle Disziplin der Freihandzeichnung. Der freien k\u00fcnstlerischen Positionierung und praktischen Anwendung wird sowohl in der Lehre als auch forschend an den vielf\u00e4ltigen Schnittstellen von Kunst und \u00f6ffentlichem Raum nachgegangen. Im Themenfeld Architektur und Bildung wird der enge Zusammenhang zwischen r\u00e4umlichen Bedingungen, Atmosph\u00e4ren und Lernprozessen angewandt und k\u00fcnstlerisch erforscht.<\/p>\n","protected":false},"excerpt":{"rendered":"","protected":false},"author":1,"featured_media":0,"parent":0,"menu_order":0,"comment_status":"closed","ping_status":"closed","template":"","meta":[],"acf":[],"_links":{"self":[{"href":"https:\/\/zvsweb02.kunst.tuwien.ac.at\/index.php?rest_route=\/wp\/v2\/pages\/1448"}],"collection":[{"href":"https:\/\/zvsweb02.kunst.tuwien.ac.at\/index.php?rest_route=\/wp\/v2\/pages"}],"about":[{"href":"https:\/\/zvsweb02.kunst.tuwien.ac.at\/index.php?rest_route=\/wp\/v2\/types\/page"}],"author":[{"embeddable":true,"href":"https:\/\/zvsweb02.kunst.tuwien.ac.at\/index.php?rest_route=\/wp\/v2\/users\/1"}],"replies":[{"embeddable":true,"href":"https:\/\/zvsweb02.kunst.tuwien.ac.at\/index.php?rest_route=%2Fwp%2Fv2%2Fcomments&post=1448"}],"version-history":[{"count":4,"href":"https:\/\/zvsweb02.kunst.tuwien.ac.at\/index.php?rest_route=\/wp\/v2\/pages\/1448\/revisions"}],"predecessor-version":[{"id":3448,"href":"https:\/\/zvsweb02.kunst.tuwien.ac.at\/index.php?rest_route=\/wp\/v2\/pages\/1448\/revisions\/3448"}],"wp:attachment":[{"href":"https:\/\/zvsweb02.kunst.tuwien.ac.at\/index.php?rest_route=%2Fwp%2Fv2%2Fmedia&parent=1448"}],"curies":[{"name":"wp","href":"https:\/\/api.w.org\/{rel}","templated":true}]}}